{"id":899,"date":"2023-02-27T14:05:10","date_gmt":"2023-02-27T12:05:10","guid":{"rendered":"https:\/\/ebikeestonia.ee\/tuur\/nelijarve-aegviidu\/"},"modified":"2023-12-11T11:45:56","modified_gmt":"2023-12-11T09:45:56","slug":"nelijarve-aegviidu","status":"publish","type":"product","link":"https:\/\/ebikeestonia.ee\/en\/tuur\/nelijarve-aegviidu\/","title":{"rendered":"Nelij\u00e4rve-Aegviidu tour"},"content":{"rendered":"<div class=\"wpb-content-wrapper\">[vc_row][vc_column width=&#8221;1\/2&#8243;][vc_column_text css=&#8221;.vc_custom_1677525447279{margin-bottom: 25px !important;}&#8221;]\n<strong>Introduction<\/strong><br \/>\nLegendary places such as Valgehobusem\u00e4e Ski and Recreation Center, Nelij\u00e4rve Recreation Center, J\u00e4neda and Aegviidu are located in the southern part of the K\u00f5rvemaa landscape protection area. Let&#8217;s combine them into a single comprehensive hike and let&#8217;s discover the beauty and nature of the region, which has attracted people for decades. K\u00f5rvemaa is primarily known for its beautiful untouched nature and active pastime. A person who finds himself in K\u00f5rvemaa will find tens of kilometers of health trails and opportunities for practicing various winter and summer sports, starting with skiing and ending with cross-country cycling. It can be said that K\u00f5rvemaa is a destination worthy of the president, to appreciate our valuable natural environment and exercise in the open air. Every year, the President&#8217;s hike, which is popular among the people, takes place, where it is possible to undertake the 10-kilometer journey from Aegviidu to J\u00e4neda together with the president. Aegviidu with its famous depot and J\u00e4neda with its magnificent manor can be found in the area. Come and be a part of all this and more. <strong>See more in the &#8220;What to expect&#8221; section.<\/strong><\/p>\n<p><strong>The hike can be done in three variants:<\/strong><br \/>\n* participate in our planned guided hike at specific times<br \/>\n* order a guided hike for your group for a time that suits you (up to 80 in)<br \/>\n* complete the trail independently as a self-guided hike by following the trail using GPS (2-9 in)<\/p>\n<p>The tour includes:<\/p>\n<ul>\n<li>Hiking guide\/in the case of a self-guided hike, an electronic hiking guide GPS<\/li>\n<li>Electric Fatbike mountain bike or mountain scooter<\/li>\n<li>Safe and comfortable Cube bike helmet<\/li>\n<li>In case of bad weather, a raincoat<\/li>\n<li>A light sweet bite on a planned trip<\/li>\n<li>A bike lamp for evening hikes<\/li>\n<\/ul>\n[\/vc_column_text][\/vc_column][vc_column width=&#8221;1\/2&#8243;][vc_single_image image=&#8221;777&#8243; img_size=&#8221;full&#8221; alignment=&#8221;center&#8221; css=&#8221;.vc_custom_1679008578575{margin-bottom: 25px !important;}&#8221;][vc_column_text]<strong>The starting point of the hike:<\/strong> Aegviidu railway station<br \/>\n<strong>Parking:<\/strong> Parking next to the railway station<br \/>\n<strong>Duration:<\/strong> 3 hours<br \/>\n<strong>Track length:<\/strong> approx. 30 km<br \/>\n<strong>Who is it for?<\/strong> For everyone from 12 years of age \/ height at least 155 cm. Athletic training is not necessary<br \/>\n<strong>What bike?<\/strong> Electric mountain bike or electric mountain scooter (make a choice when booking)<br \/>\n<strong>What to wear?<\/strong> Closed, comfortable shoes and layered clothing appropriate for the weather[\/vc_column_text][\/vc_column][\/vc_row][vc_row][vc_column][\/vc_column][\/vc_row]\n<\/div>","protected":false},"excerpt":{"rendered":"<p>Fatbike+K\u00f5rvemaa+good company adds up an unforgettable experience \ud83d\ude42<\/p>\n","protected":false},"featured_media":776,"comment_status":"open","ping_status":"closed","template":"","meta":{"_acf_changed":false,"inline_featured_image":false},"product_brand":[],"product_cat":[53,50],"product_tag":[],"class_list":{"0":"post-899","1":"product","2":"type-product","3":"status-publish","4":"has-post-thumbnail","6":"product_cat-naturetours","7":"product_cat-tours","9":"first","10":"instock","11":"virtual","12":"taxable","13":"purchasable","14":"product-type-simple"},"acf":[],"yoast_head":"<!-- This site is optimized with the Yoast SEO plugin v26.0 - https:\/\/yoast.com\/wordpress\/plugins\/seo\/ -->\n<title>Nelij\u00e4rve-Aegviidu tour | E-bike elektriliste jalgrataste tuurid Eestis<\/title>\n<meta name=\"description\" content=\"E-bike tour in Aegviidu and Nelij\u00e4rve\" \/>\n<meta name=\"robots\" content=\"index, follow, max-snippet:-1, max-image-preview:large, max-video-preview:-1\" \/>\n<link rel=\"canonical\" href=\"https:\/\/ebikeestonia.ee\/en\/tuur\/nelijarve-aegviidu\/\" \/>\n<meta property=\"og:locale\" content=\"en_US\" \/>\n<meta property=\"og:type\" content=\"article\" \/>\n<meta property=\"og:title\" content=\"Nelij\u00e4rve-Aegviidu tour | E-bike elektriliste jalgrataste tuurid Eestis\" \/>\n<meta property=\"og:description\" content=\"E-bike tour in Aegviidu and Nelij\u00e4rve\" \/>\n<meta property=\"og:url\" content=\"https:\/\/ebikeestonia.ee\/en\/tuur\/nelijarve-aegviidu\/\" \/>\n<meta property=\"og:site_name\" content=\"E-bike elektriliste jalgrataste tuurid Eestis\" \/>\n<meta property=\"article:modified_time\" content=\"2023-12-11T09:45:56+00:00\" \/>\n<meta property=\"og:image\" content=\"https:\/\/ebikeestonia.ee\/wp-content\/uploads\/2023\/02\/imgonline-com-ua-resize-uhHbHEsXbC7jkgD-min.jpg\" \/>\n\t<meta property=\"og:image:width\" content=\"1800\" \/>\n\t<meta property=\"og:image:height\" content=\"826\" \/>\n\t<meta property=\"og:image:type\" content=\"image\/jpeg\" \/>\n<meta name=\"twitter:card\" content=\"summary_large_image\" \/>\n<meta name=\"twitter:label1\" content=\"Est. reading time\" \/>\n\t<meta name=\"twitter:data1\" content=\"3 minutes\" \/>\n<script type=\"application\/ld+json\" class=\"yoast-schema-graph\">{\"@context\":\"https:\/\/schema.org\",\"@graph\":[{\"@type\":\"WebPage\",\"@id\":\"https:\/\/ebikeestonia.ee\/en\/tuur\/nelijarve-aegviidu\/\",\"url\":\"https:\/\/ebikeestonia.ee\/en\/tuur\/nelijarve-aegviidu\/\",\"name\":\"Nelij\u00e4rve-Aegviidu tour | E-bike elektriliste jalgrataste tuurid Eestis\",\"isPartOf\":{\"@id\":\"https:\/\/ebikeestonia.ee\/#website\"},\"primaryImageOfPage\":{\"@id\":\"https:\/\/ebikeestonia.ee\/en\/tuur\/nelijarve-aegviidu\/#primaryimage\"},\"image\":{\"@id\":\"https:\/\/ebikeestonia.ee\/en\/tuur\/nelijarve-aegviidu\/#primaryimage\"},\"thumbnailUrl\":\"https:\/\/ebikeestonia.ee\/wp-content\/uploads\/2023\/02\/imgonline-com-ua-resize-uhHbHEsXbC7jkgD-min.jpg\",\"datePublished\":\"2023-02-27T12:05:10+00:00\",\"dateModified\":\"2023-12-11T09:45:56+00:00\",\"description\":\"E-bike tour in Aegviidu and Nelij\u00e4rve\",\"breadcrumb\":{\"@id\":\"https:\/\/ebikeestonia.ee\/en\/tuur\/nelijarve-aegviidu\/#breadcrumb\"},\"inLanguage\":\"en-US\",\"potentialAction\":[{\"@type\":\"ReadAction\",\"target\":[\"https:\/\/ebikeestonia.ee\/en\/tuur\/nelijarve-aegviidu\/\"]}]},{\"@type\":\"ImageObject\",\"inLanguage\":\"en-US\",\"@id\":\"https:\/\/ebikeestonia.ee\/en\/tuur\/nelijarve-aegviidu\/#primaryimage\",\"url\":\"https:\/\/ebikeestonia.ee\/wp-content\/uploads\/2023\/02\/imgonline-com-ua-resize-uhHbHEsXbC7jkgD-min.jpg\",\"contentUrl\":\"https:\/\/ebikeestonia.ee\/wp-content\/uploads\/2023\/02\/imgonline-com-ua-resize-uhHbHEsXbC7jkgD-min.jpg\",\"width\":1800,\"height\":826},{\"@type\":\"BreadcrumbList\",\"@id\":\"https:\/\/ebikeestonia.ee\/en\/tuur\/nelijarve-aegviidu\/#breadcrumb\",\"itemListElement\":[{\"@type\":\"ListItem\",\"position\":1,\"name\":\"Home\",\"item\":\"https:\/\/ebikeestonia.ee\/en\/\"},{\"@type\":\"ListItem\",\"position\":2,\"name\":\"Tours\",\"item\":\"https:\/\/ebikeestonia.ee\/en\/tours\/\"},{\"@type\":\"ListItem\",\"position\":3,\"name\":\"Nelij\u00e4rve-Aegviidu tour\"}]},{\"@type\":\"WebSite\",\"@id\":\"https:\/\/ebikeestonia.ee\/#website\",\"url\":\"https:\/\/ebikeestonia.ee\/\",\"name\":\"E-bike elektriliste jalgrataste tuurid Eestis\",\"description\":\"E-bike elektriliste jalgrataste tuurid Eestis\",\"publisher\":{\"@id\":\"https:\/\/ebikeestonia.ee\/#organization\"},\"potentialAction\":[{\"@type\":\"SearchAction\",\"target\":{\"@type\":\"EntryPoint\",\"urlTemplate\":\"https:\/\/ebikeestonia.ee\/?s={search_term_string}\"},\"query-input\":{\"@type\":\"PropertyValueSpecification\",\"valueRequired\":true,\"valueName\":\"search_term_string\"}}],\"inLanguage\":\"en-US\"},{\"@type\":\"Organization\",\"@id\":\"https:\/\/ebikeestonia.ee\/#organization\",\"name\":\"E-bike elektriliste jalgrataste tuurid Eestis\",\"url\":\"https:\/\/ebikeestonia.ee\/\",\"logo\":{\"@type\":\"ImageObject\",\"inLanguage\":\"en-US\",\"@id\":\"https:\/\/ebikeestonia.ee\/#\/schema\/logo\/image\/\",\"url\":\"https:\/\/veebidoktor.ee\/ebike\/wp-content\/uploads\/2022\/08\/logo-7.png\",\"contentUrl\":\"https:\/\/veebidoktor.ee\/ebike\/wp-content\/uploads\/2022\/08\/logo-7.png\",\"width\":1000,\"height\":1000,\"caption\":\"E-bike elektriliste jalgrataste tuurid Eestis\"},\"image\":{\"@id\":\"https:\/\/ebikeestonia.ee\/#\/schema\/logo\/image\/\"}}]}<\/script>\n<!-- \/ Yoast SEO plugin. -->","yoast_head_json":{"title":"Nelij\u00e4rve-Aegviidu tour | E-bike elektriliste jalgrataste tuurid Eestis","description":"E-bike tour in Aegviidu and Nelij\u00e4rve","robots":{"index":"index","follow":"follow","max-snippet":"max-snippet:-1","max-image-preview":"max-image-preview:large","max-video-preview":"max-video-preview:-1"},"canonical":"https:\/\/ebikeestonia.ee\/en\/tuur\/nelijarve-aegviidu\/","og_locale":"en_US","og_type":"article","og_title":"Nelij\u00e4rve-Aegviidu tour | E-bike elektriliste jalgrataste tuurid Eestis","og_description":"E-bike tour in Aegviidu and Nelij\u00e4rve","og_url":"https:\/\/ebikeestonia.ee\/en\/tuur\/nelijarve-aegviidu\/","og_site_name":"E-bike elektriliste jalgrataste tuurid Eestis","article_modified_time":"2023-12-11T09:45:56+00:00","og_image":[{"width":1800,"height":826,"url":"https:\/\/ebikeestonia.ee\/wp-content\/uploads\/2023\/02\/imgonline-com-ua-resize-uhHbHEsXbC7jkgD-min.jpg","type":"image\/jpeg"}],"twitter_card":"summary_large_image","twitter_misc":{"Est. reading time":"3 minutes"},"schema":{"@context":"https:\/\/schema.org","@graph":[{"@type":"WebPage","@id":"https:\/\/ebikeestonia.ee\/en\/tuur\/nelijarve-aegviidu\/","url":"https:\/\/ebikeestonia.ee\/en\/tuur\/nelijarve-aegviidu\/","name":"Nelij\u00e4rve-Aegviidu tour | E-bike elektriliste jalgrataste tuurid Eestis","isPartOf":{"@id":"https:\/\/ebikeestonia.ee\/#website"},"primaryImageOfPage":{"@id":"https:\/\/ebikeestonia.ee\/en\/tuur\/nelijarve-aegviidu\/#primaryimage"},"image":{"@id":"https:\/\/ebikeestonia.ee\/en\/tuur\/nelijarve-aegviidu\/#primaryimage"},"thumbnailUrl":"https:\/\/ebikeestonia.ee\/wp-content\/uploads\/2023\/02\/imgonline-com-ua-resize-uhHbHEsXbC7jkgD-min.jpg","datePublished":"2023-02-27T12:05:10+00:00","dateModified":"2023-12-11T09:45:56+00:00","description":"E-bike tour in Aegviidu and Nelij\u00e4rve","breadcrumb":{"@id":"https:\/\/ebikeestonia.ee\/en\/tuur\/nelijarve-aegviidu\/#breadcrumb"},"inLanguage":"en-US","potentialAction":[{"@type":"ReadAction","target":["https:\/\/ebikeestonia.ee\/en\/tuur\/nelijarve-aegviidu\/"]}]},{"@type":"ImageObject","inLanguage":"en-US","@id":"https:\/\/ebikeestonia.ee\/en\/tuur\/nelijarve-aegviidu\/#primaryimage","url":"https:\/\/ebikeestonia.ee\/wp-content\/uploads\/2023\/02\/imgonline-com-ua-resize-uhHbHEsXbC7jkgD-min.jpg","contentUrl":"https:\/\/ebikeestonia.ee\/wp-content\/uploads\/2023\/02\/imgonline-com-ua-resize-uhHbHEsXbC7jkgD-min.jpg","width":1800,"height":826},{"@type":"BreadcrumbList","@id":"https:\/\/ebikeestonia.ee\/en\/tuur\/nelijarve-aegviidu\/#breadcrumb","itemListElement":[{"@type":"ListItem","position":1,"name":"Home","item":"https:\/\/ebikeestonia.ee\/en\/"},{"@type":"ListItem","position":2,"name":"Tours","item":"https:\/\/ebikeestonia.ee\/en\/tours\/"},{"@type":"ListItem","position":3,"name":"Nelij\u00e4rve-Aegviidu tour"}]},{"@type":"WebSite","@id":"https:\/\/ebikeestonia.ee\/#website","url":"https:\/\/ebikeestonia.ee\/","name":"E-bike elektriliste jalgrataste tuurid Eestis","description":"E-bike elektriliste jalgrataste tuurid Eestis","publisher":{"@id":"https:\/\/ebikeestonia.ee\/#organization"},"potentialAction":[{"@type":"SearchAction","target":{"@type":"EntryPoint","urlTemplate":"https:\/\/ebikeestonia.ee\/?s={search_term_string}"},"query-input":{"@type":"PropertyValueSpecification","valueRequired":true,"valueName":"search_term_string"}}],"inLanguage":"en-US"},{"@type":"Organization","@id":"https:\/\/ebikeestonia.ee\/#organization","name":"E-bike elektriliste jalgrataste tuurid Eestis","url":"https:\/\/ebikeestonia.ee\/","logo":{"@type":"ImageObject","inLanguage":"en-US","@id":"https:\/\/ebikeestonia.ee\/#\/schema\/logo\/image\/","url":"https:\/\/veebidoktor.ee\/ebike\/wp-content\/uploads\/2022\/08\/logo-7.png","contentUrl":"https:\/\/veebidoktor.ee\/ebike\/wp-content\/uploads\/2022\/08\/logo-7.png","width":1000,"height":1000,"caption":"E-bike elektriliste jalgrataste tuurid Eestis"},"image":{"@id":"https:\/\/ebikeestonia.ee\/#\/schema\/logo\/image\/"}}]}},"_links":{"self":[{"href":"https:\/\/ebikeestonia.ee\/en\/wp-json\/wp\/v2\/product\/899","targetHints":{"allow":["GET"]}}],"collection":[{"href":"https:\/\/ebikeestonia.ee\/en\/wp-json\/wp\/v2\/product"}],"about":[{"href":"https:\/\/ebikeestonia.ee\/en\/wp-json\/wp\/v2\/types\/product"}],"replies":[{"embeddable":true,"href":"https:\/\/ebikeestonia.ee\/en\/wp-json\/wp\/v2\/comments?post=899"}],"wp:featuredmedia":[{"embeddable":true,"href":"https:\/\/ebikeestonia.ee\/en\/wp-json\/wp\/v2\/media\/776"}],"wp:attachment":[{"href":"https:\/\/ebikeestonia.ee\/en\/wp-json\/wp\/v2\/media?parent=899"}],"wp:term":[{"taxonomy":"product_brand","embeddable":true,"href":"https:\/\/ebikeestonia.ee\/en\/wp-json\/wp\/v2\/product_brand?post=899"},{"taxonomy":"product_cat","embeddable":true,"href":"https:\/\/ebikeestonia.ee\/en\/wp-json\/wp\/v2\/product_cat?post=899"},{"taxonomy":"product_tag","embeddable":true,"href":"https:\/\/ebikeestonia.ee\/en\/wp-json\/wp\/v2\/product_tag?post=899"}],"curies":[{"name":"wp","href":"https:\/\/api.w.org\/{rel}","templated":true}]}}