{"id":901,"date":"2023-02-23T22:21:45","date_gmt":"2023-02-23T20:21:45","guid":{"rendered":"https:\/\/ebikeestonia.ee\/tuur\/kihnu-tuur\/"},"modified":"2023-12-11T11:41:54","modified_gmt":"2023-12-11T09:41:54","slug":"kihnu-tour","status":"publish","type":"product","link":"https:\/\/ebikeestonia.ee\/en\/tuur\/kihnu-tour\/","title":{"rendered":"Kihnu island tour"},"content":{"rendered":"<div class=\"wpb-content-wrapper\">[vc_row][vc_column width=&#8221;1\/2&#8243;][vc_column_text css=&#8221;.vc_custom_1677323109022{margin-bottom: 25px !important;}&#8221;]\n<strong>Introduction<\/strong><br \/>\nWe invite you to discover Kihnu Island, which is on the UNESCO cultural heritage list. Kihnu is the largest island in the Gulf of Livonia, the seventh largest among the Estonian islands. With its length of 7 km and width of 3.3 km, this island is ideal for a one-day cycling tour. There are four villages in Kihnu, all of them are interesting and worth visiting. There is a port in Lemsi village, larger shops in S\u00e4\u00e4rek\u00fcla, a church, a cemetery and a local history museum in Linak\u00fcla, a lighthouse and a memorial stone for Kihnu J\u00f5nnu in Rootsik\u00fcla.<br \/>\nThe island also has beautiful beach meadows, boulders and, of course, nice people.<br \/>\n<strong>See more in the &#8220;What to expect&#8221; section.<\/strong><\/p>\n<p><strong>The hike can be done in three variants:<\/strong><br \/>\n* participate in our planned guided hike at specific times<br \/>\n* order a guided hike for your group for a time that suits you (up to 80 in)<br \/>\n* complete the trail independently as a self-guided hike by following the trail using GPS (2-9 in)<\/p>\n<p>The tour includes:<\/p>\n<ul>\n<li>Hiking guide\/in the case of a self-guided hike, an electronic hiking guide GPS<\/li>\n<li>Electric Fatbike mountain bike or mountain scooter<\/li>\n<li>Safe and comfortable Cube bike helmet<\/li>\n<li>In case of bad weather, a raincoat<\/li>\n<li>A light sweet bite on a planned trip<\/li>\n<li>A bike lamp for evening hikes<\/li>\n<\/ul>\n[\/vc_column_text][\/vc_column][vc_column width=&#8221;1\/2&#8243;][vc_single_image image=&#8221;750&#8243; img_size=&#8221;full&#8221; alignment=&#8221;center&#8221; css=&#8221;.vc_custom_1679008155357{margin-bottom: 25px !important;}&#8221;][vc_column_text]<strong>The starting point of the hike:<\/strong> Kihnu harbor<br \/>\n<strong>Parking:<\/strong> Munalaiu harbor parking lot<br \/>\n<strong>Duration:<\/strong> day<br \/>\n<strong>Track length:<\/strong> 23 km<br \/>\n<strong>Who is it for?<\/strong> For everyone from 12 years of age \/ height at least 155 cm. Athletic training is not necessary<br \/>\n<strong>What bike?<\/strong> Electric mountain bike or electric mountain scooter (make a choice when booking)<br \/>\n<strong>What to wear?<\/strong> Closed, comfortable shoes and layered clothing appropriate for the weather[\/vc_column_text][\/vc_column][\/vc_row][vc_row][vc_column][\/vc_column][\/vc_row]\n<\/div>","protected":false},"excerpt":{"rendered":"<p>Experience authentic Kihnu island life<\/p>\n","protected":false},"featured_media":773,"comment_status":"open","ping_status":"closed","template":"","meta":{"_acf_changed":false,"inline_featured_image":false},"product_brand":[],"product_cat":[54,53,50],"product_tag":[],"class_list":{"0":"post-901","1":"product","2":"type-product","3":"status-publish","4":"has-post-thumbnail","6":"product_cat-islandtours","7":"product_cat-naturetours","8":"product_cat-tours","10":"first","11":"instock","12":"virtual","13":"taxable","14":"purchasable","15":"product-type-simple"},"acf":[],"yoast_head":"<!-- This site is optimized with the Yoast SEO plugin v26.0 - https:\/\/yoast.com\/wordpress\/plugins\/seo\/ -->\n<title>Kihnu island tour | E-bike elektriliste jalgrataste tuurid Eestis<\/title>\n<meta name=\"description\" content=\"E-bike tour in Kihnu island\" \/>\n<meta name=\"robots\" content=\"index, follow, max-snippet:-1, max-image-preview:large, max-video-preview:-1\" \/>\n<link rel=\"canonical\" href=\"https:\/\/ebikeestonia.ee\/en\/tuur\/kihnu-tour\/\" \/>\n<meta property=\"og:locale\" content=\"en_US\" \/>\n<meta property=\"og:type\" content=\"article\" \/>\n<meta property=\"og:title\" content=\"Kihnu island tour | E-bike elektriliste jalgrataste tuurid Eestis\" \/>\n<meta property=\"og:description\" content=\"E-bike tour in Kihnu island\" \/>\n<meta property=\"og:url\" content=\"https:\/\/ebikeestonia.ee\/en\/tuur\/kihnu-tour\/\" \/>\n<meta property=\"og:site_name\" content=\"E-bike elektriliste jalgrataste tuurid Eestis\" \/>\n<meta property=\"article:modified_time\" content=\"2023-12-11T09:41:54+00:00\" \/>\n<meta property=\"og:image\" content=\"https:\/\/ebikeestonia.ee\/wp-content\/uploads\/2023\/02\/Kihnu-cover.jpg\" \/>\n\t<meta property=\"og:image:width\" content=\"1800\" \/>\n\t<meta property=\"og:image:height\" content=\"826\" \/>\n\t<meta property=\"og:image:type\" content=\"image\/jpeg\" \/>\n<meta name=\"twitter:card\" content=\"summary_large_image\" \/>\n<meta name=\"twitter:label1\" content=\"Est. reading time\" \/>\n\t<meta name=\"twitter:data1\" content=\"2 minutes\" \/>\n<script type=\"application\/ld+json\" class=\"yoast-schema-graph\">{\"@context\":\"https:\/\/schema.org\",\"@graph\":[{\"@type\":\"WebPage\",\"@id\":\"https:\/\/ebikeestonia.ee\/en\/tuur\/kihnu-tour\/\",\"url\":\"https:\/\/ebikeestonia.ee\/en\/tuur\/kihnu-tour\/\",\"name\":\"Kihnu island tour | E-bike elektriliste jalgrataste tuurid Eestis\",\"isPartOf\":{\"@id\":\"https:\/\/ebikeestonia.ee\/#website\"},\"primaryImageOfPage\":{\"@id\":\"https:\/\/ebikeestonia.ee\/en\/tuur\/kihnu-tour\/#primaryimage\"},\"image\":{\"@id\":\"https:\/\/ebikeestonia.ee\/en\/tuur\/kihnu-tour\/#primaryimage\"},\"thumbnailUrl\":\"https:\/\/ebikeestonia.ee\/wp-content\/uploads\/2023\/02\/Kihnu-cover.jpg\",\"datePublished\":\"2023-02-23T20:21:45+00:00\",\"dateModified\":\"2023-12-11T09:41:54+00:00\",\"description\":\"E-bike tour in Kihnu island\",\"breadcrumb\":{\"@id\":\"https:\/\/ebikeestonia.ee\/en\/tuur\/kihnu-tour\/#breadcrumb\"},\"inLanguage\":\"en-US\",\"potentialAction\":[{\"@type\":\"ReadAction\",\"target\":[\"https:\/\/ebikeestonia.ee\/en\/tuur\/kihnu-tour\/\"]}]},{\"@type\":\"ImageObject\",\"inLanguage\":\"en-US\",\"@id\":\"https:\/\/ebikeestonia.ee\/en\/tuur\/kihnu-tour\/#primaryimage\",\"url\":\"https:\/\/ebikeestonia.ee\/wp-content\/uploads\/2023\/02\/Kihnu-cover.jpg\",\"contentUrl\":\"https:\/\/ebikeestonia.ee\/wp-content\/uploads\/2023\/02\/Kihnu-cover.jpg\",\"width\":1800,\"height\":826},{\"@type\":\"BreadcrumbList\",\"@id\":\"https:\/\/ebikeestonia.ee\/en\/tuur\/kihnu-tour\/#breadcrumb\",\"itemListElement\":[{\"@type\":\"ListItem\",\"position\":1,\"name\":\"Home\",\"item\":\"https:\/\/ebikeestonia.ee\/en\/\"},{\"@type\":\"ListItem\",\"position\":2,\"name\":\"Tours\",\"item\":\"https:\/\/ebikeestonia.ee\/en\/tours\/\"},{\"@type\":\"ListItem\",\"position\":3,\"name\":\"Kihnu island tour\"}]},{\"@type\":\"WebSite\",\"@id\":\"https:\/\/ebikeestonia.ee\/#website\",\"url\":\"https:\/\/ebikeestonia.ee\/\",\"name\":\"E-bike elektriliste jalgrataste tuurid Eestis\",\"description\":\"E-bike elektriliste jalgrataste tuurid Eestis\",\"publisher\":{\"@id\":\"https:\/\/ebikeestonia.ee\/#organization\"},\"potentialAction\":[{\"@type\":\"SearchAction\",\"target\":{\"@type\":\"EntryPoint\",\"urlTemplate\":\"https:\/\/ebikeestonia.ee\/?s={search_term_string}\"},\"query-input\":{\"@type\":\"PropertyValueSpecification\",\"valueRequired\":true,\"valueName\":\"search_term_string\"}}],\"inLanguage\":\"en-US\"},{\"@type\":\"Organization\",\"@id\":\"https:\/\/ebikeestonia.ee\/#organization\",\"name\":\"E-bike elektriliste jalgrataste tuurid Eestis\",\"url\":\"https:\/\/ebikeestonia.ee\/\",\"logo\":{\"@type\":\"ImageObject\",\"inLanguage\":\"en-US\",\"@id\":\"https:\/\/ebikeestonia.ee\/#\/schema\/logo\/image\/\",\"url\":\"https:\/\/veebidoktor.ee\/ebike\/wp-content\/uploads\/2022\/08\/logo-7.png\",\"contentUrl\":\"https:\/\/veebidoktor.ee\/ebike\/wp-content\/uploads\/2022\/08\/logo-7.png\",\"width\":1000,\"height\":1000,\"caption\":\"E-bike elektriliste jalgrataste tuurid Eestis\"},\"image\":{\"@id\":\"https:\/\/ebikeestonia.ee\/#\/schema\/logo\/image\/\"}}]}<\/script>\n<!-- \/ Yoast SEO plugin. -->","yoast_head_json":{"title":"Kihnu island tour | E-bike elektriliste jalgrataste tuurid Eestis","description":"E-bike tour in Kihnu island","robots":{"index":"index","follow":"follow","max-snippet":"max-snippet:-1","max-image-preview":"max-image-preview:large","max-video-preview":"max-video-preview:-1"},"canonical":"https:\/\/ebikeestonia.ee\/en\/tuur\/kihnu-tour\/","og_locale":"en_US","og_type":"article","og_title":"Kihnu island tour | E-bike elektriliste jalgrataste tuurid Eestis","og_description":"E-bike tour in Kihnu island","og_url":"https:\/\/ebikeestonia.ee\/en\/tuur\/kihnu-tour\/","og_site_name":"E-bike elektriliste jalgrataste tuurid Eestis","article_modified_time":"2023-12-11T09:41:54+00:00","og_image":[{"width":1800,"height":826,"url":"https:\/\/ebikeestonia.ee\/wp-content\/uploads\/2023\/02\/Kihnu-cover.jpg","type":"image\/jpeg"}],"twitter_card":"summary_large_image","twitter_misc":{"Est. reading time":"2 minutes"},"schema":{"@context":"https:\/\/schema.org","@graph":[{"@type":"WebPage","@id":"https:\/\/ebikeestonia.ee\/en\/tuur\/kihnu-tour\/","url":"https:\/\/ebikeestonia.ee\/en\/tuur\/kihnu-tour\/","name":"Kihnu island tour | E-bike elektriliste jalgrataste tuurid Eestis","isPartOf":{"@id":"https:\/\/ebikeestonia.ee\/#website"},"primaryImageOfPage":{"@id":"https:\/\/ebikeestonia.ee\/en\/tuur\/kihnu-tour\/#primaryimage"},"image":{"@id":"https:\/\/ebikeestonia.ee\/en\/tuur\/kihnu-tour\/#primaryimage"},"thumbnailUrl":"https:\/\/ebikeestonia.ee\/wp-content\/uploads\/2023\/02\/Kihnu-cover.jpg","datePublished":"2023-02-23T20:21:45+00:00","dateModified":"2023-12-11T09:41:54+00:00","description":"E-bike tour in Kihnu island","breadcrumb":{"@id":"https:\/\/ebikeestonia.ee\/en\/tuur\/kihnu-tour\/#breadcrumb"},"inLanguage":"en-US","potentialAction":[{"@type":"ReadAction","target":["https:\/\/ebikeestonia.ee\/en\/tuur\/kihnu-tour\/"]}]},{"@type":"ImageObject","inLanguage":"en-US","@id":"https:\/\/ebikeestonia.ee\/en\/tuur\/kihnu-tour\/#primaryimage","url":"https:\/\/ebikeestonia.ee\/wp-content\/uploads\/2023\/02\/Kihnu-cover.jpg","contentUrl":"https:\/\/ebikeestonia.ee\/wp-content\/uploads\/2023\/02\/Kihnu-cover.jpg","width":1800,"height":826},{"@type":"BreadcrumbList","@id":"https:\/\/ebikeestonia.ee\/en\/tuur\/kihnu-tour\/#breadcrumb","itemListElement":[{"@type":"ListItem","position":1,"name":"Home","item":"https:\/\/ebikeestonia.ee\/en\/"},{"@type":"ListItem","position":2,"name":"Tours","item":"https:\/\/ebikeestonia.ee\/en\/tours\/"},{"@type":"ListItem","position":3,"name":"Kihnu island tour"}]},{"@type":"WebSite","@id":"https:\/\/ebikeestonia.ee\/#website","url":"https:\/\/ebikeestonia.ee\/","name":"E-bike elektriliste jalgrataste tuurid Eestis","description":"E-bike elektriliste jalgrataste tuurid Eestis","publisher":{"@id":"https:\/\/ebikeestonia.ee\/#organization"},"potentialAction":[{"@type":"SearchAction","target":{"@type":"EntryPoint","urlTemplate":"https:\/\/ebikeestonia.ee\/?s={search_term_string}"},"query-input":{"@type":"PropertyValueSpecification","valueRequired":true,"valueName":"search_term_string"}}],"inLanguage":"en-US"},{"@type":"Organization","@id":"https:\/\/ebikeestonia.ee\/#organization","name":"E-bike elektriliste jalgrataste tuurid Eestis","url":"https:\/\/ebikeestonia.ee\/","logo":{"@type":"ImageObject","inLanguage":"en-US","@id":"https:\/\/ebikeestonia.ee\/#\/schema\/logo\/image\/","url":"https:\/\/veebidoktor.ee\/ebike\/wp-content\/uploads\/2022\/08\/logo-7.png","contentUrl":"https:\/\/veebidoktor.ee\/ebike\/wp-content\/uploads\/2022\/08\/logo-7.png","width":1000,"height":1000,"caption":"E-bike elektriliste jalgrataste tuurid Eestis"},"image":{"@id":"https:\/\/ebikeestonia.ee\/#\/schema\/logo\/image\/"}}]}},"_links":{"self":[{"href":"https:\/\/ebikeestonia.ee\/en\/wp-json\/wp\/v2\/product\/901","targetHints":{"allow":["GET"]}}],"collection":[{"href":"https:\/\/ebikeestonia.ee\/en\/wp-json\/wp\/v2\/product"}],"about":[{"href":"https:\/\/ebikeestonia.ee\/en\/wp-json\/wp\/v2\/types\/product"}],"replies":[{"embeddable":true,"href":"https:\/\/ebikeestonia.ee\/en\/wp-json\/wp\/v2\/comments?post=901"}],"wp:featuredmedia":[{"embeddable":true,"href":"https:\/\/ebikeestonia.ee\/en\/wp-json\/wp\/v2\/media\/773"}],"wp:attachment":[{"href":"https:\/\/ebikeestonia.ee\/en\/wp-json\/wp\/v2\/media?parent=901"}],"wp:term":[{"taxonomy":"product_brand","embeddable":true,"href":"https:\/\/ebikeestonia.ee\/en\/wp-json\/wp\/v2\/product_brand?post=901"},{"taxonomy":"product_cat","embeddable":true,"href":"https:\/\/ebikeestonia.ee\/en\/wp-json\/wp\/v2\/product_cat?post=901"},{"taxonomy":"product_tag","embeddable":true,"href":"https:\/\/ebikeestonia.ee\/en\/wp-json\/wp\/v2\/product_tag?post=901"}],"curies":[{"name":"wp","href":"https:\/\/api.w.org\/{rel}","templated":true}]}}