{"id":909,"date":"2023-02-20T16:07:45","date_gmt":"2023-02-20T14:07:45","guid":{"rendered":"https:\/\/ebikeestonia.ee\/tuur\/korvemaa-tuur\/"},"modified":"2023-12-11T11:36:19","modified_gmt":"2023-12-11T09:36:19","slug":"korvemaa-tour","status":"publish","type":"product","link":"https:\/\/ebikeestonia.ee\/en\/tuur\/korvemaa-tour\/","title":{"rendered":"P\u00f5hja-K\u00f5rvemaa tour"},"content":{"rendered":"<div class=\"wpb-content-wrapper\">[vc_row][vc_column width=&#8221;1\/2&#8243;][vc_column_text css=&#8221;.vc_custom_1677585854158{margin-bottom: 25px !important;}&#8221;]\n<strong>Introduction<\/strong><br \/>\nThe P\u00f5hja-K\u00f5rvemaa landscape protection area and the areas bordering it offer an exceptionally beautiful natural environment, which seems to have been created for hiking by bike. With electric mountain bikes, exploring the area is easier and more enjoyable than ever. We have prepared an exciting, versatile bike path, through which we can see rustling forests, beautiful bog lakes, and a unique heath landscape. <strong>See more in the &#8220;What to expect&#8221; section.<\/strong><\/p>\n<p><strong>The hike can be done in three variants:<\/strong><br \/>\n* participate in our planned guided hike at specific times<br \/>\n* order a guided hike for your group for a time that suits you (up to 80 in)<br \/>\n* complete the trail independently as a self-guided hike by following the trail using GPS (2-9 in)<\/p>\n<p>The tour includes:<\/p>\n<ul>\n<li>Hiking guide\/in the case of a self-guided hike, an electronic hiking guide GPS<\/li>\n<li>Electric Fatbike mountain bike or mountain scooter<\/li>\n<li>Safe and comfortable Cube bike helmet<\/li>\n<li>In case of bad weather, a raincoat<\/li>\n<li>A light sweet bite on a planned trip<\/li>\n<li>A bike lamp for evening hikes<\/li>\n<\/ul>\n[\/vc_column_text][\/vc_column][vc_column width=&#8221;1\/2&#8243;][vc_single_image image=&#8221;372&#8243; img_size=&#8221;full&#8221; alignment=&#8221;center&#8221; css=&#8221;.vc_custom_1677177862942{margin-bottom: 25px !important;}&#8221;][vc_column_text]<strong>The starting point of the hike:<\/strong> Aegviidu railway station<br \/>\n<strong>Parking:<\/strong> Railway station parking lot<br \/>\n<strong>Duration:<\/strong> 3 hours<br \/>\n<strong>Track length:<\/strong> up to 40 km<br \/>\n<strong>Who is it for?<\/strong> For everyone from 12 years of age \/ height at least 155 cm. Athletic training is not necessary<br \/>\n<strong>What bike?<\/strong> Electric mountain bike or electric mountain scooter (make a choice when booking)<br \/>\n<strong>What to wear?<\/strong> Closed, comfortable shoes and layered clothing appropriate for the weather[\/vc_column_text][\/vc_column][\/vc_row][vc_row][vc_column][\/vc_column][\/vc_row]\n<\/div>","protected":false},"excerpt":{"rendered":"<p>A pleasant half-day hike to refresh yourself with the fresh air and good energy of K\u00f5rvemaa.<\/p>\n","protected":false},"featured_media":342,"comment_status":"open","ping_status":"closed","template":"","meta":{"_acf_changed":false,"inline_featured_image":false},"product_brand":[],"product_cat":[57,53,50],"product_tag":[],"class_list":{"0":"post-909","1":"product","2":"type-product","3":"status-publish","4":"has-post-thumbnail","6":"product_cat-korvemaa-en","7":"product_cat-naturetours","8":"product_cat-tours","10":"first","11":"instock","12":"virtual","13":"taxable","14":"purchasable","15":"product-type-simple"},"acf":[],"yoast_head":"<!-- This site is optimized with the Yoast SEO plugin v26.0 - https:\/\/yoast.com\/wordpress\/plugins\/seo\/ -->\n<title>P\u00f5hja-K\u00f5rvemaa tour | E-bike elektriliste jalgrataste tuurid Eestis<\/title>\n<meta name=\"description\" content=\"E-bike tour P\u00f5hja-K\u00f5rvemaa\" \/>\n<meta name=\"robots\" content=\"index, follow, max-snippet:-1, max-image-preview:large, max-video-preview:-1\" \/>\n<link rel=\"canonical\" href=\"https:\/\/ebikeestonia.ee\/en\/tuur\/korvemaa-tour\/\" \/>\n<meta property=\"og:locale\" content=\"en_US\" \/>\n<meta property=\"og:type\" content=\"article\" \/>\n<meta property=\"og:title\" content=\"P\u00f5hja-K\u00f5rvemaa tour | E-bike elektriliste jalgrataste tuurid Eestis\" \/>\n<meta property=\"og:description\" content=\"E-bike tour P\u00f5hja-K\u00f5rvemaa\" \/>\n<meta property=\"og:url\" content=\"https:\/\/ebikeestonia.ee\/en\/tuur\/korvemaa-tour\/\" \/>\n<meta property=\"og:site_name\" content=\"E-bike elektriliste jalgrataste tuurid Eestis\" \/>\n<meta property=\"article:modified_time\" content=\"2023-12-11T09:36:19+00:00\" \/>\n<meta property=\"og:image\" content=\"https:\/\/ebikeestonia.ee\/wp-content\/uploads\/2022\/07\/imgonline-com-ua-resize-sw5ZNS89byb.jpg\" \/>\n\t<meta property=\"og:image:width\" content=\"1800\" \/>\n\t<meta property=\"og:image:height\" content=\"826\" \/>\n\t<meta property=\"og:image:type\" content=\"image\/jpeg\" \/>\n<meta name=\"twitter:card\" content=\"summary_large_image\" \/>\n<meta name=\"twitter:label1\" content=\"Est. reading time\" \/>\n\t<meta name=\"twitter:data1\" content=\"2 minutes\" \/>\n<script type=\"application\/ld+json\" class=\"yoast-schema-graph\">{\"@context\":\"https:\/\/schema.org\",\"@graph\":[{\"@type\":\"WebPage\",\"@id\":\"https:\/\/ebikeestonia.ee\/en\/tuur\/korvemaa-tour\/\",\"url\":\"https:\/\/ebikeestonia.ee\/en\/tuur\/korvemaa-tour\/\",\"name\":\"P\u00f5hja-K\u00f5rvemaa tour | E-bike elektriliste jalgrataste tuurid Eestis\",\"isPartOf\":{\"@id\":\"https:\/\/ebikeestonia.ee\/#website\"},\"primaryImageOfPage\":{\"@id\":\"https:\/\/ebikeestonia.ee\/en\/tuur\/korvemaa-tour\/#primaryimage\"},\"image\":{\"@id\":\"https:\/\/ebikeestonia.ee\/en\/tuur\/korvemaa-tour\/#primaryimage\"},\"thumbnailUrl\":\"https:\/\/ebikeestonia.ee\/wp-content\/uploads\/2022\/07\/imgonline-com-ua-resize-sw5ZNS89byb.jpg\",\"datePublished\":\"2023-02-20T14:07:45+00:00\",\"dateModified\":\"2023-12-11T09:36:19+00:00\",\"description\":\"E-bike tour P\u00f5hja-K\u00f5rvemaa\",\"breadcrumb\":{\"@id\":\"https:\/\/ebikeestonia.ee\/en\/tuur\/korvemaa-tour\/#breadcrumb\"},\"inLanguage\":\"en-US\",\"potentialAction\":[{\"@type\":\"ReadAction\",\"target\":[\"https:\/\/ebikeestonia.ee\/en\/tuur\/korvemaa-tour\/\"]}]},{\"@type\":\"ImageObject\",\"inLanguage\":\"en-US\",\"@id\":\"https:\/\/ebikeestonia.ee\/en\/tuur\/korvemaa-tour\/#primaryimage\",\"url\":\"https:\/\/ebikeestonia.ee\/wp-content\/uploads\/2022\/07\/imgonline-com-ua-resize-sw5ZNS89byb.jpg\",\"contentUrl\":\"https:\/\/ebikeestonia.ee\/wp-content\/uploads\/2022\/07\/imgonline-com-ua-resize-sw5ZNS89byb.jpg\",\"width\":1800,\"height\":826},{\"@type\":\"BreadcrumbList\",\"@id\":\"https:\/\/ebikeestonia.ee\/en\/tuur\/korvemaa-tour\/#breadcrumb\",\"itemListElement\":[{\"@type\":\"ListItem\",\"position\":1,\"name\":\"Home\",\"item\":\"https:\/\/ebikeestonia.ee\/en\/\"},{\"@type\":\"ListItem\",\"position\":2,\"name\":\"Tours\",\"item\":\"https:\/\/ebikeestonia.ee\/en\/tours\/\"},{\"@type\":\"ListItem\",\"position\":3,\"name\":\"P\u00f5hja-K\u00f5rvemaa tour\"}]},{\"@type\":\"WebSite\",\"@id\":\"https:\/\/ebikeestonia.ee\/#website\",\"url\":\"https:\/\/ebikeestonia.ee\/\",\"name\":\"E-bike elektriliste jalgrataste tuurid Eestis\",\"description\":\"E-bike elektriliste jalgrataste tuurid Eestis\",\"publisher\":{\"@id\":\"https:\/\/ebikeestonia.ee\/#organization\"},\"potentialAction\":[{\"@type\":\"SearchAction\",\"target\":{\"@type\":\"EntryPoint\",\"urlTemplate\":\"https:\/\/ebikeestonia.ee\/?s={search_term_string}\"},\"query-input\":{\"@type\":\"PropertyValueSpecification\",\"valueRequired\":true,\"valueName\":\"search_term_string\"}}],\"inLanguage\":\"en-US\"},{\"@type\":\"Organization\",\"@id\":\"https:\/\/ebikeestonia.ee\/#organization\",\"name\":\"E-bike elektriliste jalgrataste tuurid Eestis\",\"url\":\"https:\/\/ebikeestonia.ee\/\",\"logo\":{\"@type\":\"ImageObject\",\"inLanguage\":\"en-US\",\"@id\":\"https:\/\/ebikeestonia.ee\/#\/schema\/logo\/image\/\",\"url\":\"https:\/\/veebidoktor.ee\/ebike\/wp-content\/uploads\/2022\/08\/logo-7.png\",\"contentUrl\":\"https:\/\/veebidoktor.ee\/ebike\/wp-content\/uploads\/2022\/08\/logo-7.png\",\"width\":1000,\"height\":1000,\"caption\":\"E-bike elektriliste jalgrataste tuurid Eestis\"},\"image\":{\"@id\":\"https:\/\/ebikeestonia.ee\/#\/schema\/logo\/image\/\"}}]}<\/script>\n<!-- \/ Yoast SEO plugin. -->","yoast_head_json":{"title":"P\u00f5hja-K\u00f5rvemaa tour | E-bike elektriliste jalgrataste tuurid Eestis","description":"E-bike tour P\u00f5hja-K\u00f5rvemaa","robots":{"index":"index","follow":"follow","max-snippet":"max-snippet:-1","max-image-preview":"max-image-preview:large","max-video-preview":"max-video-preview:-1"},"canonical":"https:\/\/ebikeestonia.ee\/en\/tuur\/korvemaa-tour\/","og_locale":"en_US","og_type":"article","og_title":"P\u00f5hja-K\u00f5rvemaa tour | E-bike elektriliste jalgrataste tuurid Eestis","og_description":"E-bike tour P\u00f5hja-K\u00f5rvemaa","og_url":"https:\/\/ebikeestonia.ee\/en\/tuur\/korvemaa-tour\/","og_site_name":"E-bike elektriliste jalgrataste tuurid Eestis","article_modified_time":"2023-12-11T09:36:19+00:00","og_image":[{"width":1800,"height":826,"url":"https:\/\/ebikeestonia.ee\/wp-content\/uploads\/2022\/07\/imgonline-com-ua-resize-sw5ZNS89byb.jpg","type":"image\/jpeg"}],"twitter_card":"summary_large_image","twitter_misc":{"Est. reading time":"2 minutes"},"schema":{"@context":"https:\/\/schema.org","@graph":[{"@type":"WebPage","@id":"https:\/\/ebikeestonia.ee\/en\/tuur\/korvemaa-tour\/","url":"https:\/\/ebikeestonia.ee\/en\/tuur\/korvemaa-tour\/","name":"P\u00f5hja-K\u00f5rvemaa tour | E-bike elektriliste jalgrataste tuurid Eestis","isPartOf":{"@id":"https:\/\/ebikeestonia.ee\/#website"},"primaryImageOfPage":{"@id":"https:\/\/ebikeestonia.ee\/en\/tuur\/korvemaa-tour\/#primaryimage"},"image":{"@id":"https:\/\/ebikeestonia.ee\/en\/tuur\/korvemaa-tour\/#primaryimage"},"thumbnailUrl":"https:\/\/ebikeestonia.ee\/wp-content\/uploads\/2022\/07\/imgonline-com-ua-resize-sw5ZNS89byb.jpg","datePublished":"2023-02-20T14:07:45+00:00","dateModified":"2023-12-11T09:36:19+00:00","description":"E-bike tour P\u00f5hja-K\u00f5rvemaa","breadcrumb":{"@id":"https:\/\/ebikeestonia.ee\/en\/tuur\/korvemaa-tour\/#breadcrumb"},"inLanguage":"en-US","potentialAction":[{"@type":"ReadAction","target":["https:\/\/ebikeestonia.ee\/en\/tuur\/korvemaa-tour\/"]}]},{"@type":"ImageObject","inLanguage":"en-US","@id":"https:\/\/ebikeestonia.ee\/en\/tuur\/korvemaa-tour\/#primaryimage","url":"https:\/\/ebikeestonia.ee\/wp-content\/uploads\/2022\/07\/imgonline-com-ua-resize-sw5ZNS89byb.jpg","contentUrl":"https:\/\/ebikeestonia.ee\/wp-content\/uploads\/2022\/07\/imgonline-com-ua-resize-sw5ZNS89byb.jpg","width":1800,"height":826},{"@type":"BreadcrumbList","@id":"https:\/\/ebikeestonia.ee\/en\/tuur\/korvemaa-tour\/#breadcrumb","itemListElement":[{"@type":"ListItem","position":1,"name":"Home","item":"https:\/\/ebikeestonia.ee\/en\/"},{"@type":"ListItem","position":2,"name":"Tours","item":"https:\/\/ebikeestonia.ee\/en\/tours\/"},{"@type":"ListItem","position":3,"name":"P\u00f5hja-K\u00f5rvemaa tour"}]},{"@type":"WebSite","@id":"https:\/\/ebikeestonia.ee\/#website","url":"https:\/\/ebikeestonia.ee\/","name":"E-bike elektriliste jalgrataste tuurid Eestis","description":"E-bike elektriliste jalgrataste tuurid Eestis","publisher":{"@id":"https:\/\/ebikeestonia.ee\/#organization"},"potentialAction":[{"@type":"SearchAction","target":{"@type":"EntryPoint","urlTemplate":"https:\/\/ebikeestonia.ee\/?s={search_term_string}"},"query-input":{"@type":"PropertyValueSpecification","valueRequired":true,"valueName":"search_term_string"}}],"inLanguage":"en-US"},{"@type":"Organization","@id":"https:\/\/ebikeestonia.ee\/#organization","name":"E-bike elektriliste jalgrataste tuurid Eestis","url":"https:\/\/ebikeestonia.ee\/","logo":{"@type":"ImageObject","inLanguage":"en-US","@id":"https:\/\/ebikeestonia.ee\/#\/schema\/logo\/image\/","url":"https:\/\/veebidoktor.ee\/ebike\/wp-content\/uploads\/2022\/08\/logo-7.png","contentUrl":"https:\/\/veebidoktor.ee\/ebike\/wp-content\/uploads\/2022\/08\/logo-7.png","width":1000,"height":1000,"caption":"E-bike elektriliste jalgrataste tuurid Eestis"},"image":{"@id":"https:\/\/ebikeestonia.ee\/#\/schema\/logo\/image\/"}}]}},"_links":{"self":[{"href":"https:\/\/ebikeestonia.ee\/en\/wp-json\/wp\/v2\/product\/909","targetHints":{"allow":["GET"]}}],"collection":[{"href":"https:\/\/ebikeestonia.ee\/en\/wp-json\/wp\/v2\/product"}],"about":[{"href":"https:\/\/ebikeestonia.ee\/en\/wp-json\/wp\/v2\/types\/product"}],"replies":[{"embeddable":true,"href":"https:\/\/ebikeestonia.ee\/en\/wp-json\/wp\/v2\/comments?post=909"}],"wp:featuredmedia":[{"embeddable":true,"href":"https:\/\/ebikeestonia.ee\/en\/wp-json\/wp\/v2\/media\/342"}],"wp:attachment":[{"href":"https:\/\/ebikeestonia.ee\/en\/wp-json\/wp\/v2\/media?parent=909"}],"wp:term":[{"taxonomy":"product_brand","embeddable":true,"href":"https:\/\/ebikeestonia.ee\/en\/wp-json\/wp\/v2\/product_brand?post=909"},{"taxonomy":"product_cat","embeddable":true,"href":"https:\/\/ebikeestonia.ee\/en\/wp-json\/wp\/v2\/product_cat?post=909"},{"taxonomy":"product_tag","embeddable":true,"href":"https:\/\/ebikeestonia.ee\/en\/wp-json\/wp\/v2\/product_tag?post=909"}],"curies":[{"name":"wp","href":"https:\/\/api.w.org\/{rel}","templated":true}]}}